{"id":4715,"date":"2023-09-28T16:16:34","date_gmt":"2023-09-28T14:16:34","guid":{"rendered":"https:\/\/brillekoonen.be\/?page_id=4715"},"modified":"2023-09-28T17:17:23","modified_gmt":"2023-09-28T15:17:23","slug":"mentions-legales","status":"publish","type":"page","link":"https:\/\/brillekoonen.be\/fr\/mentions-legales\/","title":{"rendered":"Mentions l\u00e9gales"},"content":{"rendered":"<h2>Mentions l\u00e9gales<\/h2>\n<h3>Editeur responsable<\/h3>\n<p><strong>Brille Koonen<\/strong><br \/>Patrick Koonen<br \/>Gospertstra\u00dfe 75<br \/>4700 Eupen, Belgique<\/p>\n<p>Num\u00e9ro d&rsquo;entreprise Eupen : TVA BE 0 561 959 404<br \/>Num\u00e9ro d&rsquo;entreprise La Calamine : TVA BE 0 504 898 460<\/p>\n<p>T. : +32 87 74 30 06<br \/>E. : <a href=\"mailto:eupen@brillekoonen.be\">eupen@brillekoonen.be<\/a><\/p>\n<h3>R\u00e9alisation<\/h3>\n<p><strong>cloth. Kreativbureau<\/strong> <br \/>Schnellewindgasse 8 <br \/>4700 Eupen, Belgique<\/p>\n<p>Web : <a href=\"https:\/\/cloth.be\">cloth.be<\/a> <br \/>E. : <a href=\"mailto:info@cloth.be\">info@cloth.be<\/a> <br \/>T. +32 (0)87 333 554<\/p>\n","protected":false},"excerpt":{"rendered":"Mentions l\u00e9gales Editeur responsable Brille KoonenPatrick KoonenGospertstra\u00dfe 754700 Eupen, Belgique Num\u00e9ro d&rsquo;entreprise Eupen : TVA BE 0 561 959 404Num\u00e9ro d&rsquo;entreprise La Calamine : TVA BE 0 504 898 460 T. : +32 87 74 30 06E. : eupen@brillekoonen.be R\u00e9alisation cloth. Kreativbureau Schnellewindgasse 8 4700 Eupen, Belgique Web : cloth.be E. : info@cloth.be T. +32 [&hellip;]","protected":false},"author":2,"featured_media":0,"parent":0,"menu_order":11,"comment_status":"closed","ping_status":"closed","template":"","meta":{"_acf_changed":false,"footnotes":""},"class_list":["post-4715","page","type-page","status-publish","hentry"],"acf":[],"_links":{"self":[{"href":"https:\/\/brillekoonen.be\/fr\/wp-json\/wp\/v2\/pages\/4715","targetHints":{"allow":["GET"]}}],"collection":[{"href":"https:\/\/brillekoonen.be\/fr\/wp-json\/wp\/v2\/pages"}],"about":[{"href":"https:\/\/brillekoonen.be\/fr\/wp-json\/wp\/v2\/types\/page"}],"author":[{"embeddable":true,"href":"https:\/\/brillekoonen.be\/fr\/wp-json\/wp\/v2\/users\/2"}],"replies":[{"embeddable":true,"href":"https:\/\/brillekoonen.be\/fr\/wp-json\/wp\/v2\/comments?post=4715"}],"version-history":[{"count":4,"href":"https:\/\/brillekoonen.be\/fr\/wp-json\/wp\/v2\/pages\/4715\/revisions"}],"predecessor-version":[{"id":4733,"href":"https:\/\/brillekoonen.be\/fr\/wp-json\/wp\/v2\/pages\/4715\/revisions\/4733"}],"wp:attachment":[{"href":"https:\/\/brillekoonen.be\/fr\/wp-json\/wp\/v2\/media?parent=4715"}],"curies":[{"name":"wp","href":"https:\/\/api.w.org\/{rel}","templated":true}]}}